{"id":2946,"date":"2025-02-27T19:12:11","date_gmt":"2025-02-27T19:12:11","guid":{"rendered":"https:\/\/ci.iziverse.com\/shop\/?page_id=2946"},"modified":"2025-03-17T18:35:15","modified_gmt":"2025-03-17T18:35:15","slug":"favorite-stores","status":"publish","type":"page","link":"https:\/\/shop.iziverse.com\/en\/favorite-stores\/","title":{"rendered":"FAVOURITE STORES IZIVERSE C\u00d4TE D\u2019IVOIRE"},"content":{"rendered":"<div data-elementor-type=\"wp-page\" data-elementor-id=\"2946\" class=\"elementor elementor-2946\">\n\t\t\t\t<div class=\"elementor-element elementor-element-e6c12ea e-flex e-con-boxed e-con e-parent\" data-id=\"e6c12ea\" data-element_type=\"container\" data-e-type=\"container\">\n\t\t\t\t\t<div class=\"e-con-inner\">\n\t\t<div class=\"elementor-element elementor-element-6fcc0ba e-con-full e-flex e-con e-child\" data-id=\"6fcc0ba\" data-element_type=\"container\" data-e-type=\"container\">\n\t\t<div class=\"elementor-element elementor-element-e428aed e-con-full e-flex e-con e-child\" data-id=\"e428aed\" data-element_type=\"container\" data-e-type=\"container\" data-settings=\"{&quot;background_background&quot;:&quot;classic&quot;}\">\n\t\t<div class=\"elementor-element elementor-element-3883856 e-con-full e-flex e-con e-child\" data-id=\"3883856\" data-element_type=\"container\" data-e-type=\"container\">\n\t\t\t\t<div class=\"elementor-element elementor-element-428b851 elementor-widget__width-inherit elementor-widget elementor-widget-text-editor\" data-id=\"428b851\" data-element_type=\"widget\" data-e-type=\"widget\" data-widget_type=\"text-editor.default\">\n\t\t\t\t\t\t\t\t\t<p><span style=\"vertical-align: inherit;\"><span style=\"vertical-align: inherit;\"><span style=\"vertical-align: inherit;\"><span style=\"vertical-align: inherit;\"><span style=\"vertical-align: inherit;\"><span style=\"vertical-align: inherit;\">BOUTIQUE PR\u00c9F\u00c9R\u00c9<\/span><\/span><\/span><\/span><\/span><\/span><\/p>\t\t\t\t\t\t\t\t<\/div>\n\t\t\t\t<div class=\"elementor-element elementor-element-d515261 elementor-widget__width-inherit elementor-widget elementor-widget-shortcode\" data-id=\"d515261\" data-element_type=\"widget\" data-e-type=\"widget\" data-widget_type=\"shortcode.default\">\n\t\t\t\t\t<div id=\"marketking_stores_vendors_table_container\">\n                    <div class=\"marketking_frontend_store_categories_select_container\">\n                    <div class=\"marketking-select-content-header\">\n                                            <\/div> \n                    <select  name='marketking_select_storecategories' id='marketking_select_storecategories' class='form_select'>\n\t<option value='0' selected='selected'>All Categories<\/option>\n\t<option class=\"level-0\" value=\"149\">Agriculture &amp; \u00c9levage<\/option>\n\t<option class=\"level-0\" value=\"150\">Autres cat\u00e9gories<\/option>\n\t<option class=\"level-0\" value=\"151\">Beaut\u00e9 &amp; Hygi\u00e8ne<\/option>\n\t<option class=\"level-0\" value=\"152\">Boutiques Officielles<\/option>\n\t<option class=\"level-0\" value=\"153\">\u00c9lectrom\u00e9nager<\/option>\n\t<option class=\"level-0\" value=\"154\">Informatique<\/option>\n\t<option class=\"level-0\" value=\"155\">Maison et bureau<\/option>\n\t<option class=\"level-0\" value=\"156\">Mode<\/option>\n\t<option class=\"level-0\" value=\"157\">Produits pour b\u00e9b\u00e9s<\/option>\n\t<option class=\"level-0\" value=\"158\">Supermarch\u00e9<\/option>\n\t<option class=\"level-0\" value=\"159\">T\u00e9l\u00e9phones &amp; Tablettes<\/option>\n\t<option class=\"level-0\" value=\"160\">TV &amp; Electronique<\/option>\n<\/select>\n                <\/div>\n                    <table id=\"marketking_stores_vendors_table\">\n        <thead>\n            <tr id=\"marketking_stores_table_header\">\n                <th>Vendor Pic<\/th>\n                <th>Vendor Name<\/th>\n                <th>Vendor Rating<\/th>\n                                            <th class=\"marketking_hidden_column\">Store Categories<\/th>\n                                                        <th>Follow<\/th>\n                                            <th>Actions<\/th>\n\n            <\/tr>\n        <\/thead>\n        <tbody id=\"marketking_stores_table_tbody\">\n                       \n        <\/tbody>\n        <tfoot class=\"marketking_hidden_column\">\n            <tr class=\"nk-tb-item nk-tb-head\">\n               <th>Vendor Pic<\/th>\n               <th>Vendor Name<\/th>\n               <th>Vendor Rating<\/th>\n                                          <th class=\"marketking_hidden_column marketking_store_categories_search\">Store Categories<\/th>\n                                                      <th>Follow<\/th>\n                                          <th>Actions<\/th>\n            <\/tr>\n        <\/tfoot>\n        \n    <\/table>\n<\/div>\n\t\t<div class=\"elementor-shortcode\"> <\/div>\n\t\t\t\t\t\t<\/div>\n\t\t\t\t<\/div>\n\t\t\t\t<\/div>\n\t\t\t\t<\/div>\n\t\t\t\t\t<\/div>\n\t\t\t\t<\/div>\n\t\t<div class=\"elementor-element elementor-element-9d8a3f0 e-flex e-con-boxed e-con e-parent\" data-id=\"9d8a3f0\" data-element_type=\"container\" data-e-type=\"container\">\n\t\t\t\t\t<div class=\"e-con-inner\">\n\t\t<div class=\"elementor-element elementor-element-a8d2dca e-con-full e-flex e-con e-child\" data-id=\"a8d2dca\" data-element_type=\"container\" data-e-type=\"container\">\n\t\t<div class=\"elementor-element elementor-element-90a95d4 e-con-full e-flex e-con e-child\" data-id=\"90a95d4\" data-element_type=\"container\" data-e-type=\"container\" data-settings=\"{&quot;background_background&quot;:&quot;classic&quot;}\">\n\t\t<div class=\"elementor-element elementor-element-c7ce1bf e-con-full e-flex e-con e-child\" data-id=\"c7ce1bf\" data-element_type=\"container\" data-e-type=\"container\">\n\t\t\t\t<div class=\"elementor-element elementor-element-9d4c819 elementor-widget__width-inherit elementor-widget elementor-widget-text-editor\" data-id=\"9d4c819\" data-element_type=\"widget\" data-e-type=\"widget\" data-widget_type=\"text-editor.default\">\n\t\t\t\t\t\t\t\t\t<p><span style=\"vertical-align: inherit;\"><span style=\"vertical-align: inherit;\"><span style=\"vertical-align: inherit;\"><span style=\"vertical-align: inherit;\"><span style=\"vertical-align: inherit;\"><span style=\"vertical-align: inherit;\"><span style=\"vertical-align: inherit;\"><span style=\"vertical-align: inherit;\">PRODUITS DE LA BOUTIQUE PR\u00c9F\u00c9R\u00c9S<\/span><\/span><\/span><\/span><\/span><\/span><\/span><\/span><\/p>\t\t\t\t\t\t\t\t<\/div>\n\t\t\t\t<div class=\"elementor-element elementor-element-33578ed elementor-widget__width-inherit elementor-widget elementor-widget-shortcode\" data-id=\"33578ed\" data-element_type=\"widget\" data-e-type=\"widget\" data-widget_type=\"shortcode.default\">\n\t\t\t\t\t\t\t<div class=\"elementor-shortcode\"><div class=\"woocommerce columns-4\"><div class=\"woocommerce-notices-wrapper\"><\/div><div class=\"woo-listing-top\"><p class=\"woocommerce-result-count ct-hidden-sm\" role=\"alert\" aria-relevant=\"all\" >\n\tShowing all 2 results<\/p>\n<form class=\"woocommerce-ordering\" method=\"get\" action=\"\">\n\t\t<select\n\t\tname=\"orderby\"\n\t\tclass=\"orderby\"\n\t\t\t\t\taria-label=\"Shop order\" data-no-translation-aria-label=\"\"\n\t\t\t>\n\t\t\t\t\t<option value=\"menu_order\"  selected='selected' data-no-translation=\"\" data-trp-gettext=\"\">Default sorting<\/option>\n\t\t\t\t\t<option value=\"popularity\" data-no-translation=\"\" data-trp-gettext=\"\" >Sort by popularity<\/option>\n\t\t\t\t\t<option value=\"rating\" data-no-translation=\"\" data-trp-gettext=\"\" >Sort by average rating<\/option>\n\t\t\t\t\t<option value=\"date\" data-no-translation=\"\" data-trp-gettext=\"\" >Sort by latest<\/option>\n\t\t\t\t\t<option value=\"price\" data-no-translation=\"\" data-trp-gettext=\"\" >Sort by price: low to high<\/option>\n\t\t\t\t\t<option value=\"price-desc\" data-no-translation=\"\" data-trp-gettext=\"\" >Sort by price: high to low<\/option>\n\t\t\t<\/select>\n\t<input type=\"hidden\" name=\"paged\" value=\"1\" \/>\n\t<svg width=\"14px\" height=\"14px\" fill=\"currentColor\" viewbox=\"0 0 24 24\" class=\"ct-sort-icon ct-hidden-lg ct-hidden-md\"><path d=\"M10.434 5.966A.933.933 0 0 1 9.24 7.399L6.318 4.966V19.46a.933.933 0 1 1-1.866 0V4.966L1.53 7.4a.93.93 0 0 1-1.314-.12.933.933 0 0 1 .12-1.313l4.452-3.707c.027-.023.06-.03.09-.048.038-.026.072-.055.114-.074.025-.012.051-.02.078-.03.046-.017.092-.025.14-.034.045-.009.088-.02.134-.022.014 0 .026-.008.04-.008.015 0 .027.008.042.008.046.002.09.013.135.022.047.01.093.017.139.034.026.01.052.018.078.03.042.019.076.048.115.074.029.019.062.026.089.048l4.452 3.707Zm13.35 10.755a.933.933 0 0 0-1.314-.12l-2.922 2.433V4.54a.933.933 0 1 0-1.866 0v14.493L14.76 16.6a.933.933 0 1 0-1.194 1.433l4.452 3.707c.044.037.096.055.144.082.027.015.049.04.077.052l.038.014c.11.042.223.068.338.068a.929.929 0 0 0 .338-.068l.038-.014c.029-.013.05-.037.078-.052.048-.027.099-.045.143-.082l4.452-3.707a.933.933 0 0 0 .12-1.313Z\"\/><\/svg>\n\t\t\t\t<input type=\"hidden\" name=\"trp-form-language\" value=\"en\"\/><\/form>\n<\/div><ul class=\"products columns-4\" data-products=\"type-1\">\n<li class=\"product type-product post-3237 status-publish first instock product_cat-growth-vendor product_cat-produits-pour-bebes has-post-thumbnail sold-individually taxable shipping-taxable purchasable product-type-simple\">\n\t<div\n\tclass=\"wlfmc-add-to-wishlist wlfmc-add-to-wishlist-3237  wlfmc-loop-btn wlfmc_position_image_top_right wlfmc-btn-type-icon wlfmc-top-of-image image_top_right show-remove-after-add\"\n\tdata-remove-url=\"?remove_from_wishlist=#product_id\"\n\tdata-add-url=\"?add_to_wishlist=#product_id\"\n\tdata-enable-outofstock=\"1\"\n\tdata-popup-id=\"\"\n>\n\t\n\t\t\t\t\t\t<!-- ADD TO WISHLIST -->\n\t\t<div class=\"wlfmc-add-button  wlfmc-addtowishlist  wlfmc-tooltip wlfmc-tooltip-top\"\n\t\t\tdata-tooltip-text=\"Ajouter \u00e0 la Wishlist\"\n\t\t\tdata-tooltip-type=\"default\">\n\t\t\t<a\n\t\t\t\thref=\"#\" rel=\"nofollow\"\n\t\t\t\taria-label=\"Add to wishlist\"\t\t\t\tdata-product-id=\"3237\"\n\t\t\t\tdata-product-type=\"simple\"\n\t\t\t\tdata-parent-product-id=\"3237\"\n\t\t\t\tdata-e-disable-page-transition\n\t\t\t\tclass=\"wlfmc_add_to_wishlist wlfmc-custom-btn alt \">\n\t\t\t\t<i class=\"wlfmc-icon-heart-regular-2\"><\/i>\t\t\t<\/a>\n\t\t<\/div>\n\t\t\t\t\t<!-- REMOVE FROM WISHLIST -->\n\t\t\t<div class=\"wlfmc-add-button  wlfmc-removefromwishlist  wlfmc-tooltip wlfmc-tooltip-top\"\n\t\t\t\tdata-tooltip-type=\"default\"\n\t\t\t\tdata-tooltip-text=\"Retirer de ma liste de souhaits\">\n\t\t\t\t<a\n\t\t\t\t\thref=\"#\" rel=\"nofollow\"\n\t\t\t\t\tdata-wishlist-id=\"\"\n\t\t\t\t\tdata-item-id=\"\"\n\t\t\t\t\taria-label=\"Remove from wishlist\"\t\t\t\t\tdata-product-id=\"3237\"\n\t\t\t\t\tdata-product-type=\"simple\"\n\t\t\t\t\tdata-parent-product-id=\"3237\"\n\t\t\t\t\tdata-e-disable-page-transition\n\t\t\t\t\tclass=\"wlfmc_delete_item  wlfmc-custom-btn alt \">\n\t\t\t\t\t<i class=\"wlfmc-icon-heart-regular-2-o\"><\/i>\t\t\t\t<\/a>\n\t\t\t<\/div>\n\t\t\t\t\n\t\n<\/div>\n<a href=\"https:\/\/shop.iziverse.com\/en\/product\/chicco-eau-de-cologne-delicate-100ml\/\" class=\"woocommerce-LoopProduct-link woocommerce-loop-product__link\"><img fetchpriority=\"high\" decoding=\"async\" width=\"300\" height=\"300\" src=\"https:\/\/shop.iziverse.com\/wp-content\/uploads\/2025\/03\/1-1-300x300.jpg\" class=\"attachment-woocommerce_thumbnail size-woocommerce_thumbnail\" alt=\"Chicco Eau De Cologne Delicate 100Ml\" srcset=\"https:\/\/shop.iziverse.com\/wp-content\/uploads\/2025\/03\/1-1-300x300.jpg 300w, https:\/\/shop.iziverse.com\/wp-content\/uploads\/2025\/03\/1-1-150x150.jpg 150w, https:\/\/shop.iziverse.com\/wp-content\/uploads\/2025\/03\/1-1-100x100.jpg 100w, https:\/\/shop.iziverse.com\/wp-content\/uploads\/2025\/03\/1-1.jpg 500w\" sizes=\"(max-width: 300px) 100vw, 300px\" title=\"\"><h2 class=\"woocommerce-loop-product__title\">Chicco Eau De Cologne Delicate 100Ml<\/h2>\n\t<span class=\"price\"><span class=\"woocommerce-Price-amount amount\"><bdi>5775&nbsp;<span class=\"woocommerce-Price-currencySymbol\">CFA<\/span><\/bdi><\/span><\/span>\n<\/a><a href=\"\/en\/wp-json\/wp\/v2\/pages\/2946?add-to-cart=3237\" aria-describedby=\"woocommerce_loop_add_to_cart_link_describedby_3237\" data-quantity=\"1\" class=\"button product_type_simple add_to_cart_button ajax_add_to_cart\" data-product_id=\"3237\" data-product_sku=\"\" aria-label=\"Add to cart: \u201cChicco Eau De Cologne Delicate 100Ml\u201d\" rel=\"nofollow\" data-success_message=\"\u201cChicco Eau De Cologne Delicate 100Ml\u201d has been added to your cart\" role=\"button\" data-no-translation=\"\" data-trp-gettext=\"\" data-no-translation-aria-label=\"\" data-no-translation-data-success_message=\"\">Add to cart<\/a>\t<span id=\"woocommerce_loop_add_to_cart_link_describedby_3237\" class=\"screen-reader-text\">\n\t\t\t<\/span>\n<\/li>\n<li class=\"product type-product post-3193 status-publish instock product_cat-growth-vendor product_cat-produits-pour-bebes has-post-thumbnail taxable shipping-taxable purchasable product-type-simple\">\n\t<div\n\tclass=\"wlfmc-add-to-wishlist wlfmc-add-to-wishlist-3193  wlfmc-loop-btn wlfmc_position_image_top_right wlfmc-btn-type-icon wlfmc-top-of-image image_top_right show-remove-after-add\"\n\tdata-remove-url=\"?remove_from_wishlist=#product_id\"\n\tdata-add-url=\"?add_to_wishlist=#product_id\"\n\tdata-enable-outofstock=\"1\"\n\tdata-popup-id=\"\"\n>\n\t\n\t\t\t\t\t\t<!-- ADD TO WISHLIST -->\n\t\t<div class=\"wlfmc-add-button  wlfmc-addtowishlist  wlfmc-tooltip wlfmc-tooltip-top\"\n\t\t\tdata-tooltip-text=\"Ajouter \u00e0 la Wishlist\"\n\t\t\tdata-tooltip-type=\"default\">\n\t\t\t<a\n\t\t\t\thref=\"#\" rel=\"nofollow\"\n\t\t\t\taria-label=\"Add to wishlist\"\t\t\t\tdata-product-id=\"3193\"\n\t\t\t\tdata-product-type=\"simple\"\n\t\t\t\tdata-parent-product-id=\"3193\"\n\t\t\t\tdata-e-disable-page-transition\n\t\t\t\tclass=\"wlfmc_add_to_wishlist wlfmc-custom-btn alt \">\n\t\t\t\t<i class=\"wlfmc-icon-heart-regular-2\"><\/i>\t\t\t<\/a>\n\t\t<\/div>\n\t\t\t\t\t<!-- REMOVE FROM WISHLIST -->\n\t\t\t<div class=\"wlfmc-add-button  wlfmc-removefromwishlist  wlfmc-tooltip wlfmc-tooltip-top\"\n\t\t\t\tdata-tooltip-type=\"default\"\n\t\t\t\tdata-tooltip-text=\"Retirer de ma liste de souhaits\">\n\t\t\t\t<a\n\t\t\t\t\thref=\"#\" rel=\"nofollow\"\n\t\t\t\t\tdata-wishlist-id=\"\"\n\t\t\t\t\tdata-item-id=\"\"\n\t\t\t\t\taria-label=\"Remove from wishlist\"\t\t\t\t\tdata-product-id=\"3193\"\n\t\t\t\t\tdata-product-type=\"simple\"\n\t\t\t\t\tdata-parent-product-id=\"3193\"\n\t\t\t\t\tdata-e-disable-page-transition\n\t\t\t\t\tclass=\"wlfmc_delete_item  wlfmc-custom-btn alt \">\n\t\t\t\t\t<i class=\"wlfmc-icon-heart-regular-2-o\"><\/i>\t\t\t\t<\/a>\n\t\t\t<\/div>\n\t\t\t\t\n\t\n<\/div>\n<a href=\"https:\/\/shop.iziverse.com\/en\/product\/pampers-diapers-pants-size-5-12-18-kg-pampers-24-pcs\/\" class=\"woocommerce-LoopProduct-link woocommerce-loop-product__link\"><img decoding=\"async\" width=\"300\" height=\"300\" src=\"https:\/\/shop.iziverse.com\/wp-content\/uploads\/2025\/03\/1-300x300.jpg\" class=\"attachment-woocommerce_thumbnail size-woocommerce_thumbnail\" alt=\"Pampers Diapers Pants Size 5 (12 - 18 Kg) Pampers 24 Pcs\" srcset=\"https:\/\/shop.iziverse.com\/wp-content\/uploads\/2025\/03\/1-300x300.jpg 300w, https:\/\/shop.iziverse.com\/wp-content\/uploads\/2025\/03\/1-150x150.jpg 150w, https:\/\/shop.iziverse.com\/wp-content\/uploads\/2025\/03\/1-100x100.jpg 100w, https:\/\/shop.iziverse.com\/wp-content\/uploads\/2025\/03\/1.jpg 500w\" sizes=\"(max-width: 300px) 100vw, 300px\" title=\"\"><h2 class=\"woocommerce-loop-product__title\">Pampers Diapers Pants Size 5 (12 &#8211; 18 Kg) Pampers 24 Pcs<\/h2>\n\t<span class=\"price\"><span class=\"woocommerce-Price-amount amount\"><bdi>1050&nbsp;<span class=\"woocommerce-Price-currencySymbol\">CFA<\/span><\/bdi><\/span><\/span>\n<\/a><a href=\"\/en\/wp-json\/wp\/v2\/pages\/2946?add-to-cart=3193\" aria-describedby=\"woocommerce_loop_add_to_cart_link_describedby_3193\" data-quantity=\"1\" class=\"button product_type_simple add_to_cart_button ajax_add_to_cart\" data-product_id=\"3193\" data-product_sku=\"\" aria-label=\"Add to cart: \u201cPampers Diapers Pants Size 5 (12 - 18 Kg) Pampers 24 Pcs\u201d\" rel=\"nofollow\" data-success_message=\"\u201cPampers Diapers Pants Size 5 (12 - 18 Kg) Pampers 24 Pcs\u201d has been added to your cart\" role=\"button\" data-no-translation=\"\" data-trp-gettext=\"\" data-no-translation-aria-label=\"\" data-no-translation-data-success_message=\"\">Add to cart<\/a>\t<span id=\"woocommerce_loop_add_to_cart_link_describedby_3193\" class=\"screen-reader-text\">\n\t\t\t<\/span>\n<\/li>\n<\/ul>\n<\/div><\/div>\n\t\t\t\t\t\t<\/div>\n\t\t\t\t<\/div>\n\t\t\t\t<\/div>\n\t\t\t\t<\/div>\n\t\t\t\t\t<\/div>\n\t\t\t\t<\/div>\n\t\t<div class=\"elementor-element elementor-element-8533a7a elementor-hidden-widescreen elementor-hidden-desktop elementor-hidden-tablet elementor-hidden-mobile e-flex e-con-boxed e-con e-parent\" data-id=\"8533a7a\" data-element_type=\"container\" data-e-type=\"container\">\n\t\t\t\t\t<div class=\"e-con-inner\">\n\t\t<div class=\"elementor-element elementor-element-8d65896 e-con-full e-flex e-con e-child\" data-id=\"8d65896\" data-element_type=\"container\" data-e-type=\"container\">\n\t\t<div class=\"elementor-element elementor-element-4784f89 e-con-full e-flex e-con e-child\" data-id=\"4784f89\" data-element_type=\"container\" data-e-type=\"container\" data-settings=\"{&quot;background_background&quot;:&quot;classic&quot;}\">\n\t\t<div class=\"elementor-element elementor-element-370e7df e-con-full e-flex e-con e-child\" data-id=\"370e7df\" data-element_type=\"container\" data-e-type=\"container\">\n\t\t\t\t<div class=\"elementor-element elementor-element-3e5b029 elementor-widget__width-inherit elementor-widget elementor-widget-text-editor\" data-id=\"3e5b029\" data-element_type=\"widget\" data-e-type=\"widget\" data-widget_type=\"text-editor.default\">\n\t\t\t\t\t\t\t\t\t<p><span style=\"vertical-align: inherit;\"><span style=\"vertical-align: inherit;\"><span style=\"vertical-align: inherit;\"><span style=\"vertical-align: inherit;\"><span style=\"vertical-align: inherit;\"><span style=\"vertical-align: inherit;\">VENDOR REGISTRATION<\/span><\/span><\/span><\/span><\/span><\/span><\/p>\t\t\t\t\t\t\t\t<\/div>\n\t\t\t\t<div class=\"elementor-element elementor-element-c28c3d9 elementor-widget__width-inherit elementor-widget elementor-widget-shortcode\" data-id=\"c28c3d9\" data-element_type=\"widget\" data-e-type=\"widget\" data-widget_type=\"shortcode.default\">\n\t\t\t\t\t\t\t<div class=\"elementor-shortcode\"><\/div>\n\t\t\t\t\t\t<\/div>\n\t\t\t\t<\/div>\n\t\t\t\t<\/div>\n\t\t\t\t<\/div>\n\t\t\t\t\t<\/div>\n\t\t\t\t<\/div>\n\t\t\t\t<\/div>","protected":false},"excerpt":{"rendered":"<p>BOUTIQUE PR\u00c9F\u00c9R\u00c9 PRODUITS DE LA BOUTIQUE PR\u00c9F\u00c9R\u00c9S VENDOR REGISTRATION<\/p>","protected":false},"author":1,"featured_media":0,"parent":0,"menu_order":0,"comment_status":"closed","ping_status":"closed","template":"","meta":{"footnotes":""},"class_list":["post-2946","page","type-page","status-publish","hentry"],"blocksy_meta":{"has_hero_section":"disabled","styles_descriptor":{"styles":{"desktop":"","tablet":"","mobile":""},"google_fonts":[],"version":6}},"_links":{"self":[{"href":"https:\/\/shop.iziverse.com\/en\/wp-json\/wp\/v2\/pages\/2946","targetHints":{"allow":["GET"]}}],"collection":[{"href":"https:\/\/shop.iziverse.com\/en\/wp-json\/wp\/v2\/pages"}],"about":[{"href":"https:\/\/shop.iziverse.com\/en\/wp-json\/wp\/v2\/types\/page"}],"author":[{"embeddable":true,"href":"https:\/\/shop.iziverse.com\/en\/wp-json\/wp\/v2\/users\/1"}],"replies":[{"embeddable":true,"href":"https:\/\/shop.iziverse.com\/en\/wp-json\/wp\/v2\/comments?post=2946"}],"version-history":[{"count":17,"href":"https:\/\/shop.iziverse.com\/en\/wp-json\/wp\/v2\/pages\/2946\/revisions"}],"predecessor-version":[{"id":3134,"href":"https:\/\/shop.iziverse.com\/en\/wp-json\/wp\/v2\/pages\/2946\/revisions\/3134"}],"wp:attachment":[{"href":"https:\/\/shop.iziverse.com\/en\/wp-json\/wp\/v2\/media?parent=2946"}],"curies":[{"name":"wp","href":"https:\/\/api.w.org\/{rel}","templated":true}]}}